{"id":83,"date":"2024-10-12T22:49:11","date_gmt":"2024-10-12T20:49:11","guid":{"rendered":"https:\/\/www.beveragebrands.se\/?page_id=83"},"modified":"2025-02-18T00:49:47","modified_gmt":"2025-02-17T23:49:47","slug":"about-2","status":"publish","type":"page","link":"https:\/\/www.beveragebrands.se\/index.php\/about-2\/","title":{"rendered":"Om oss"},"content":{"rendered":"<p>[et_pb_section fb_built=&#8221;1&#8243; admin_label=&#8221;About&#8221; _builder_version=&#8221;4.26.0&#8243; collapsed=&#8221;on&#8221; global_colors_info=&#8221;{}&#8221;][et_pb_row _builder_version=&#8221;4.26.0&#8243; global_colors_info=&#8221;{}&#8221;][et_pb_column type=&#8221;4_4&#8243; _builder_version=&#8221;4.16&#8243; global_colors_info=&#8221;{}&#8221;][et_pb_heading title=&#8221;Om oss&#8221; _builder_version=&#8221;4.26.0&#8243; _module_preset=&#8221;91ac07d1-4061-4395-97c3-ef29c5a32232&#8243; global_colors_info=&#8221;{}&#8221;][\/et_pb_heading][\/et_pb_column][\/et_pb_row][et_pb_row column_structure=&#8221;1_2,1_2&#8243; _builder_version=&#8221;4.26.0&#8243; global_colors_info=&#8221;{}&#8221;][et_pb_column type=&#8221;1_2&#8243; _builder_version=&#8221;4.16&#8243; custom_padding=&#8221;|||&#8221; global_colors_info=&#8221;{}&#8221; custom_padding__hover=&#8221;|||&#8221;][et_pb_text _builder_version=&#8221;4.27.4&#8243; _module_preset=&#8221;8897e504-68f6-470a-877f-a3630fd34d3b&#8221; locked=&#8221;off&#8221; global_colors_info=&#8221;{}&#8221;]<\/p>\n<p>B&amp;B har verktygen och s\u00f6ker st\u00e4ndigt efter nya utmaningar och f\u00f6rv\u00e4rv. Vi har \u00f6ver 25 \u00e5rs erfarenhet inom restaurang varav 10 \u00e5r som franchisetagare i O\u00b4Learys. <span>S\u00e1pmi Beverage &amp; Brands (B&amp;B) \u00e4ger, f\u00f6rvaltar och investerar i bolag &amp; varum\u00e4rken verksamma inom detaljhandel och Food &amp; Beverages.<br \/><\/span>Verksamheten best\u00e5r fr\u00e4mst av en aktiv drift och aff\u00e4rsutveckling i dotterbolagens operativa verksamhet samt f\u00f6rvaltning av bolagets egna eller licensierade Trademarks.\u00a0 B&amp;B som samarbetspartner erbjuder kontinuitet och en\u00a0 m\u00e5lutvecklad strategi som tar verksamheten till en sj\u00e4lvg\u00e5ende l\u00f6nsam enhet. <span>B&amp;B:s arbetsg\u00e5ng best\u00e5r alltid med en aktiv uppf\u00f6ljning av bolagets finansiella utveckling.<\/span><\/p>\n<p>&nbsp;<\/p>\n<p>&nbsp;<\/p>\n<p>[\/et_pb_text][\/et_pb_column][et_pb_column type=&#8221;1_2&#8243; _builder_version=&#8221;4.16&#8243; custom_padding=&#8221;|||&#8221; global_colors_info=&#8221;{}&#8221; custom_padding__hover=&#8221;|||&#8221;][et_pb_text _builder_version=&#8221;4.27.2&#8243; _module_preset=&#8221;8897e504-68f6-470a-877f-a3630fd34d3b&#8221; locked=&#8221;off&#8221; global_colors_info=&#8221;{}&#8221;]<\/p>\n<p>V\u00e5r styrka \u00e4r erfarenhet och branchk\u00e4nnedom &amp; marknadsorientering samt tillg\u00e5ng till finansieringsl\u00f6sningar f\u00f6r de investeringar som beh\u00f6vs f\u00f6r verksamhetetens utveckling. Vi har de verktyg som beh\u00f6vs samt ett stort kontaktn\u00e4t med tillg\u00e5ng till avtal som f\u00f6rb\u00e4ttrar l\u00f6nsamheten ink\u00f6p och administration mm.\u00a0<br \/><span>En nogrann uppf\u00f6ljning med nyckeltals analyser och v\u00e5ra egna branchspecifika mallar m\u00f6jlig\u00f6r total \u00f6versikt av bolagets verksamhet. V\u00e5rt n\u00e4rst\u00e5ende bolag S\u00e1pmi Reskontra AB (<\/span><strong>Rescontra<\/strong><span>) utf\u00f6r ut\u00f6ver ovans\u00e5ende den finansiella driften och bokf\u00f6ring och kontroll av bolagets verksamhet.\u00a0<\/span><\/p>\n<p>[\/et_pb_text][\/et_pb_column][\/et_pb_row][\/et_pb_section][et_pb_section fb_built=&#8221;1&#8243; make_equal=&#8221;on&#8221; use_custom_gutter=&#8221;on&#8221; gutter_width=&#8221;2&#8243; bg_img_2=&#8221;https:\/\/www.beveragebrands.se\/wp-content\/uploads\/2024\/10\/business-05.jpg&#8221; admin_label=&#8221;Mission&#8221; _builder_version=&#8221;4.26.0&#8243; collapsed=&#8221;on&#8221; global_colors_info=&#8221;{}&#8221;][et_pb_row column_structure=&#8221;2_5,3_5&#8243; padding_top_bottom_link_1=&#8221;true&#8221; padding_top_bottom_link_2=&#8221;false&#8221; padding_left_right_link_1=&#8221;true&#8221; _builder_version=&#8221;4.26.0&#8243; locked=&#8221;off&#8221; global_colors_info=&#8221;{}&#8221;][et_pb_column type=&#8221;2_5&#8243; _builder_version=&#8221;4.26.0&#8243; _module_preset=&#8221;5cfeaae1-e322-49bd-8fcc-a6b7c410a990&#8243; global_colors_info=&#8221;{}&#8221;][et_pb_heading title=&#8221;B&#038;B&#8221; _builder_version=&#8221;4.27.2&#8243; _module_preset=&#8221;63d4e07b-c479-4624-b4aa-408e0b743965&#8243; title_text_color=&#8221;#FFFFFF&#8221; custom_margin=&#8221;||0px||false|false&#8221; locked=&#8221;off&#8221; global_colors_info=&#8221;{}&#8221;][\/et_pb_heading][et_pb_text _builder_version=&#8221;4.27.4&#8243; _module_preset=&#8221;b4b890a9-ac55-4843-a566-b9229a773118&#8243; locked=&#8221;off&#8221; global_colors_info=&#8221;{}&#8221;]<\/p>\n<p>S\u00e1pmi Beverage Brands AB (B&amp;B) <span>\u00a0vision \u00e4r att vara drivande i utvecklingen av nya koncept inom mat &amp; dryck och detaljhandel med focus p\u00e5 nya v\u00e4gar in ett ett h\u00e5llbart samh\u00e4lle.<br \/>Kontakta oss g\u00e4rna om det \u00e4r n\u00e5got vi kan hj\u00e4lpa till med..<br \/><\/span><\/p>\n<p>[\/et_pb_text][et_pb_button button_text=&#8221;Kontakta oss&#8221; _builder_version=&#8221;4.27.2&#8243; _module_preset=&#8221;7d42b00e-31f6-402d-8310-6ce99b78958b&#8221; global_colors_info=&#8221;{}&#8221;][\/et_pb_button][\/et_pb_column][et_pb_column type=&#8221;3_5&#8243; _builder_version=&#8221;4.26.0&#8243; custom_padding=&#8221;40px||40px||true|false&#8221; custom_padding_tablet=&#8221;0px|30px|0px|30px|true|true&#8221; custom_padding_phone=&#8221;|||20px|false|false&#8221; custom_padding_last_edited=&#8221;on|desktop&#8221; global_colors_info=&#8221;{}&#8221; padding_tablet=&#8221;0px||&#8221; padding_last_edited=&#8221;on|tablet&#8221; padding_phone=&#8221;0px||&#8221;][et_pb_blurb title=&#8221;AFF\u00c4RSID\u00c9&#8221; _builder_version=&#8221;4.27.4&#8243; _module_preset=&#8221;ff5e99ee-b3f8-4d8f-85f3-ebfa5b1b6b65&#8243; header_text_color=&#8221;gcid-84a9e955-c8d3-4e2f-8d04-0dc500a2a675&#8243; global_colors_info=&#8221;{%22gcid-84a9e955-c8d3-4e2f-8d04-0dc500a2a675%22:%91%22link_text_color%22,%22quote_text_color%22,%22quote_border_color%22,%22icon_color%22,%22header_text_color%22%93,%22gcid-a0eea2a3-f696-482c-94ac-7a997e2e33dc%22:%91%22body_text_color%22%93}&#8221;]<\/p>\n<p><span>Att genom aktiv aff\u00e4rsutveckling som ensam akt\u00f6r eller del\u00e4gare\u00a0 utveckla restaurang &amp; detaljhandels verksamhet via egna eller licensierade varum\u00e4rken. <\/span><span style=\"font-size: 16px;\">\u00a0<\/span><\/p>\n<p>[\/et_pb_blurb][et_pb_blurb title=&#8221;AFF\u00c4RSMODELL&#8221; _builder_version=&#8221;4.27.4&#8243; _module_preset=&#8221;ff5e99ee-b3f8-4d8f-85f3-ebfa5b1b6b65&#8243; header_text_color=&#8221;gcid-84a9e955-c8d3-4e2f-8d04-0dc500a2a675&#8243; global_colors_info=&#8221;{%22gcid-84a9e955-c8d3-4e2f-8d04-0dc500a2a675%22:%91%22link_text_color%22,%22quote_text_color%22,%22quote_border_color%22,%22icon_color%22,%22header_text_color%22%93,%22gcid-a0eea2a3-f696-482c-94ac-7a997e2e33dc%22:%91%22body_text_color%22%93}&#8221;]<\/p>\n<p><span>B&amp;B:s aff\u00e4rsmodell g\u00e5r ut p\u00e5 att etablera nya butiker &amp; restauranger som lockar stora g\u00e4stfl\u00f6den. Butikens eller r<\/span><span>estaurangens l\u00e4ge \u00e4r avg\u00f6rande f\u00f6r dess l\u00f6nsamhet och C&amp;B har god kunskap om vilka omst\u00e4ndigheter som g\u00f6r vissa etableringar mer l\u00f6nsamma \u00e4n andra<\/span>.<\/p>\n<p>[\/et_pb_blurb][et_pb_blurb title=&#8221;M\u00c5L&#8221; _builder_version=&#8221;4.27.4&#8243; _module_preset=&#8221;ff5e99ee-b3f8-4d8f-85f3-ebfa5b1b6b65&#8243; header_text_color=&#8221;gcid-84a9e955-c8d3-4e2f-8d04-0dc500a2a675&#8243; global_colors_info=&#8221;{%22gcid-84a9e955-c8d3-4e2f-8d04-0dc500a2a675%22:%91%22link_text_color%22,%22quote_text_color%22,%22quote_border_color%22,%22icon_color%22,%22header_text_color%22%93,%22gcid-a0eea2a3-f696-482c-94ac-7a997e2e33dc%22:%91%22body_text_color%22%93}&#8221;]<\/p>\n<p>B&amp;B\u00a0 ska vara den lokalt f\u00f6rankrad utvecklare av restaurang &amp; detaljhandel.<br \/><strong>Finasiella m\u00e5l:<\/strong> <span class=\"replaceWords\">EBITDA-marginal<\/span> om\u00a0 8-14%\u00a0 procent och en r\u00f6relsemarginal om 5-8 procent i driftbolaget,<br \/><strong>HR m\u00e5l<\/strong>: B&amp;B <span>arbetar aktivt med att skapa en medarbetarupplevelse d\u00e4r medarbetare trivs, utvecklas vilket \u00e4r viktigt f\u00f6r att bolaget ska kunna forts\u00e4tta utvecklas.<\/span><br \/><strong>Milj\u00f6:<\/strong> Att aktivt jobba mot svinn och om m\u00f6jligt alltid g\u00f6ra h\u00e5llbara val.<\/p>\n<p>[\/et_pb_blurb][et_pb_blurb title=&#8221;NORRLAND V\u00c5R HEMMA MARKNAD&#8221; _builder_version=&#8221;4.27.4&#8243; _module_preset=&#8221;ff5e99ee-b3f8-4d8f-85f3-ebfa5b1b6b65&#8243; header_text_color=&#8221;gcid-84a9e955-c8d3-4e2f-8d04-0dc500a2a675&#8243; custom_padding=&#8221;||0px|||&#8221; global_colors_info=&#8221;{%22gcid-84a9e955-c8d3-4e2f-8d04-0dc500a2a675%22:%91%22link_text_color%22,%22quote_text_color%22,%22quote_border_color%22,%22icon_color%22,%22header_text_color%22%93,%22gcid-a0eea2a3-f696-482c-94ac-7a997e2e33dc%22:%91%22body_text_color%22%93}&#8221;]<\/p>\n<p><span>B&amp;B:s Strategi \u00e4r att genom licenser\/ franchiseavtal etablera och utveckla v\u00e5ra verksamheter fr\u00e4mst p\u00e5 v\u00e5r hemmaregion Norrland. V\u00e5rt kontaktn\u00e4t och v\u00e5r n\u00e4rvaro i regionen borgar f\u00f6r v\u00e5r styrka.<\/span><\/p>\n<p>[\/et_pb_blurb][et_pb_blurb title=&#8221;Aff\u00e4rsutveckling&#8221; _builder_version=&#8221;4.27.4&#8243; _module_preset=&#8221;ff5e99ee-b3f8-4d8f-85f3-ebfa5b1b6b65&#8243; header_text_color=&#8221;gcid-84a9e955-c8d3-4e2f-8d04-0dc500a2a675&#8243; global_colors_info=&#8221;{%22gcid-84a9e955-c8d3-4e2f-8d04-0dc500a2a675%22:%91%22link_text_color%22,%22quote_text_color%22,%22quote_border_color%22,%22icon_color%22,%22header_text_color%22%93,%22gcid-a0eea2a3-f696-482c-94ac-7a997e2e33dc%22:%91%22body_text_color%22%93}&#8221;]<\/p>\n<p><span>S\u00e1pmi Beverage &amp; Brands\u00a0 (B&amp;B) s\u00f6ker nu aktivt nya samarbeten med innehavare av trademarks verksamma inom tradionell restaurang detaljhandel.\u00a0 Strategin \u00e4r att genom \u00e5terf\u00f6rs\u00e4ljar avtal &#8211; licenser\/ franchisseavtal etablera och utveckla verksamhet fr\u00e4mst p\u00e5 v\u00e5r hemmaregion Norrland . <\/span><span>\u00a0\u00a0<\/span><\/p>\n<p>[\/et_pb_blurb][\/et_pb_column][\/et_pb_row][\/et_pb_section]<\/p>\n","protected":false},"excerpt":{"rendered":"<p>B&amp;B har verktygen och s\u00f6ker st\u00e4ndigt efter nya utmaningar och f\u00f6rv\u00e4rv. Vi har \u00f6ver 25 \u00e5rs erfarenhet inom restaurang varav 10 \u00e5r som franchisetagare i O\u00b4Learys. S\u00e1pmi Beverage &amp; Brands (B&amp;B) \u00e4ger, f\u00f6rvaltar och investerar i bolag &amp; varum\u00e4rken verksamma inom detaljhandel och Food &amp; Beverages.Verksamheten best\u00e5r fr\u00e4mst av en aktiv drift och aff\u00e4rsutveckling i [&hellip;]<\/p>\n","protected":false},"author":1,"featured_media":0,"parent":0,"menu_order":0,"comment_status":"closed","ping_status":"closed","template":"","meta":{"_et_pb_use_builder":"on","_et_pb_old_content":"","_et_gb_content_width":"","footnotes":""},"class_list":["post-83","page","type-page","status-publish","hentry"],"aioseo_notices":[],"_links":{"self":[{"href":"https:\/\/www.beveragebrands.se\/index.php\/wp-json\/wp\/v2\/pages\/83","targetHints":{"allow":["GET"]}}],"collection":[{"href":"https:\/\/www.beveragebrands.se\/index.php\/wp-json\/wp\/v2\/pages"}],"about":[{"href":"https:\/\/www.beveragebrands.se\/index.php\/wp-json\/wp\/v2\/types\/page"}],"author":[{"embeddable":true,"href":"https:\/\/www.beveragebrands.se\/index.php\/wp-json\/wp\/v2\/users\/1"}],"replies":[{"embeddable":true,"href":"https:\/\/www.beveragebrands.se\/index.php\/wp-json\/wp\/v2\/comments?post=83"}],"version-history":[{"count":7,"href":"https:\/\/www.beveragebrands.se\/index.php\/wp-json\/wp\/v2\/pages\/83\/revisions"}],"predecessor-version":[{"id":447,"href":"https:\/\/www.beveragebrands.se\/index.php\/wp-json\/wp\/v2\/pages\/83\/revisions\/447"}],"wp:attachment":[{"href":"https:\/\/www.beveragebrands.se\/index.php\/wp-json\/wp\/v2\/media?parent=83"}],"curies":[{"name":"wp","href":"https:\/\/api.w.org\/{rel}","templated":true}]}}